{"id":29,"date":"2019-06-09T08:20:09","date_gmt":"2019-06-09T08:20:09","guid":{"rendered":"https:\/\/spielmannszug-northeim.de\/?page_id=29"},"modified":"2026-03-03T16:16:33","modified_gmt":"2026-03-03T16:16:33","slug":"ueber-uns","status":"publish","type":"page","link":"https:\/\/spielmannszug-northeim.de\/?page_id=29","title":{"rendered":"\u00dcber uns"},"content":{"rendered":"\n<p><\/p>\n\n\n\n<p>Unserem Verein geh\u00f6ren derzeit \u00fcber 75 Mitglieder an, wovon 20 aktiv Musik machen. Viele ehemalige Spielleute&nbsp; unterst\u00fctzen den Verein inzwischen als f\u00f6rdernde Mitglieder. <\/p>\n\n\n\n<div style=\"height:20px\" aria-hidden=\"true\" class=\"wp-block-spacer\"><\/div>\n\n\n\n<div class=\"wp-block-group\"><div class=\"wp-block-group__inner-container is-layout-flow wp-block-group-is-layout-flow\">\n<p class=\"has-text-align-center\"><strong>Vorsitzender<\/strong><br>Tobias Meinshausen<\/p>\n\n\n<div class=\"wp-block-image\">\n<figure class=\"aligncenter size-full is-resized\"><img loading=\"lazy\" decoding=\"async\" width=\"320\" height=\"480\" src=\"https:\/\/spielmannszug-northeim.de\/wp-content\/uploads\/2023\/11\/Bild.jpg\" alt=\"\" class=\"wp-image-383\" style=\"width:207px;height:310px\" srcset=\"https:\/\/spielmannszug-northeim.de\/wp-content\/uploads\/2023\/11\/Bild.jpg 320w, https:\/\/spielmannszug-northeim.de\/wp-content\/uploads\/2023\/11\/Bild-200x300.jpg 200w\" sizes=\"auto, (max-width: 320px) 100vw, 320px\" \/><\/figure>\n<\/div>\n\n\n<div style=\"height:20px\" aria-hidden=\"true\" class=\"wp-block-spacer\"><\/div>\n\n\n\n<p class=\"has-text-align-center\"><strong>Gesch\u00e4ftsf\u00fchrer<\/strong><br>Lutz Steinbach<\/p>\n\n\n\n<div style=\"height:20px\" aria-hidden=\"true\" class=\"wp-block-spacer\"><\/div>\n\n\n\n<p class=\"has-text-align-center\"><strong>Rechnungsf\u00fchrer<\/strong><br>Jens Oberstein<\/p>\n\n\n\n<div style=\"height:20px\" aria-hidden=\"true\" class=\"wp-block-spacer\"><\/div>\n\n\n\n<p class=\"has-text-align-center\"><strong>Protokollf\u00fchrerin<\/strong><br>Julia Eichkorn<\/p>\n<\/div><\/div>\n","protected":false},"excerpt":{"rendered":"<p>Unserem Verein geh\u00f6ren derzeit \u00fcber 75 Mitglieder an, wovon 20 aktiv Musik machen. Viele ehemalige Spielleute&nbsp; unterst\u00fctzen den Verein inzwischen als f\u00f6rdernde Mitglieder. VorsitzenderTobias Meinshausen Gesch\u00e4ftsf\u00fchrerLutz Steinbach Rechnungsf\u00fchrerJens Oberstein Protokollf\u00fchrerinJulia Eichkorn<\/p>\n","protected":false},"author":2,"featured_media":0,"parent":0,"menu_order":0,"comment_status":"closed","ping_status":"closed","template":"","meta":{"footnotes":""},"class_list":["post-29","page","type-page","status-publish","hentry"],"_links":{"self":[{"href":"https:\/\/spielmannszug-northeim.de\/index.php?rest_route=\/wp\/v2\/pages\/29","targetHints":{"allow":["GET"]}}],"collection":[{"href":"https:\/\/spielmannszug-northeim.de\/index.php?rest_route=\/wp\/v2\/pages"}],"about":[{"href":"https:\/\/spielmannszug-northeim.de\/index.php?rest_route=\/wp\/v2\/types\/page"}],"author":[{"embeddable":true,"href":"https:\/\/spielmannszug-northeim.de\/index.php?rest_route=\/wp\/v2\/users\/2"}],"replies":[{"embeddable":true,"href":"https:\/\/spielmannszug-northeim.de\/index.php?rest_route=%2Fwp%2Fv2%2Fcomments&post=29"}],"version-history":[{"count":31,"href":"https:\/\/spielmannszug-northeim.de\/index.php?rest_route=\/wp\/v2\/pages\/29\/revisions"}],"predecessor-version":[{"id":578,"href":"https:\/\/spielmannszug-northeim.de\/index.php?rest_route=\/wp\/v2\/pages\/29\/revisions\/578"}],"wp:attachment":[{"href":"https:\/\/spielmannszug-northeim.de\/index.php?rest_route=%2Fwp%2Fv2%2Fmedia&parent=29"}],"curies":[{"name":"wp","href":"https:\/\/api.w.org\/{rel}","templated":true}]}}